{"id":102,"date":"2019-04-30T09:25:52","date_gmt":"2019-04-30T09:25:52","guid":{"rendered":"https:\/\/www.boamanha.polimi.it\/?page_id=102"},"modified":"2019-07-24T11:18:42","modified_gmt":"2019-07-24T11:18:42","slug":"agostino-petrillo","status":"publish","type":"page","link":"https:\/\/www.boamanha.polimi.it\/?page_id=102","title":{"rendered":"Agostino Petrillo"},"content":{"rendered":"\n<h4><img loading=\"lazy\" decoding=\"async\" class=\"alignleft size-thumbnail wp-image-630\" src=\"https:\/\/www.boamanha.polimi.it\/wp-content\/uploads\/2019\/04\/Petrillo.jpg\" alt=\" \" width=\"150\" height=\"150\" data-id=\"630\"><\/h4>\n<p>Building &#8212; | Room &#8212; | Tel: +39 02.2399.5434<\/p>\n<p>Email: <a href=\"mailto:agostino.petrillo@polimi.it\">agostino.petrillo@polimi.it<\/a><\/p>\n<p>&nbsp;<\/p>\n<p>&nbsp;<\/p>\n<p>Agostino Petrillo graduated in Architecture and Philosophy and holds a PhD in<br>Sociology. He is Associate Professor of Urban Sociology at the Polytechnic<br>University of Milan and he is a Board member of the international PhD in<br>Comparative Urban Studies, URBEUR at the Milan Bicocca University. He<br>collaborates with numerous reviews, including \u201cMondi Migranti\u201d, \u201cFilosofia<br>Politica\u201d, \u201cSociologia Urbana e Rurale\u201d, \u201cTerritorio\u201d. Among his works: La<br>citt\u00e0 perduta. Eclissi della dimensione urbana nel mondo contemporaneo,<br>Dedalo, Bari 2000; Max Weber e la sociologia della citt\u00e0, FrancoAngeli,<br>Milan 2001; Citt\u00e0 in rivolta. Los Angeles, Buenos Aires, Genova, Ombrecorte,<br>Verona 2004; Identit\u00e0 urbane in trasformazione, Coedit, Genova 2005;<br>Villaggi citt\u00e0 megalopoli, Carocci, Roma 2006; Peripherein: pensare<br>diversamente la periferia, FrancoAngeli Milano 2013; La periferia nuova.<br>Disuguaglianze, spazio, citt\u00e0 FrancoAngeli Milano 2018; (with P. Bellaviti)<br>Sustainable Urban Development and Globalization. New strategies for new<br>challenges, Springer, Berlin New-York 2018.<\/p>\n","protected":false},"excerpt":{"rendered":"<p>Building &#8212; | Room &#8212; | Tel: +39 02.2399.5434 Email: agostino.petrillo@polimi.it &nbsp; &nbsp; Agostino Petrillo graduated in Architecture and Philosophy and holds a PhD inSociology. He is Associate Professor of Urban Sociology at the PolytechnicUniversity of Milan and he is a Board member of the international PhD inComparative Urban Studies, URBEUR at the Milan Bicocca &hellip; <\/p>\n<p class=\"link-more\"><a href=\"https:\/\/www.boamanha.polimi.it\/?page_id=102\" class=\"more-link\">Continue reading<span class=\"screen-reader-text\"> &#8220;Agostino Petrillo&#8221;<\/span><\/a><\/p>\n","protected":false},"author":2,"featured_media":0,"parent":0,"menu_order":0,"comment_status":"closed","ping_status":"closed","template":"","meta":{"footnotes":""},"class_list":["post-102","page","type-page","status-publish","hentry"],"_links":{"self":[{"href":"https:\/\/www.boamanha.polimi.it\/index.php?rest_route=\/wp\/v2\/pages\/102","targetHints":{"allow":["GET"]}}],"collection":[{"href":"https:\/\/www.boamanha.polimi.it\/index.php?rest_route=\/wp\/v2\/pages"}],"about":[{"href":"https:\/\/www.boamanha.polimi.it\/index.php?rest_route=\/wp\/v2\/types\/page"}],"author":[{"embeddable":true,"href":"https:\/\/www.boamanha.polimi.it\/index.php?rest_route=\/wp\/v2\/users\/2"}],"replies":[{"embeddable":true,"href":"https:\/\/www.boamanha.polimi.it\/index.php?rest_route=%2Fwp%2Fv2%2Fcomments&post=102"}],"version-history":[{"count":2,"href":"https:\/\/www.boamanha.polimi.it\/index.php?rest_route=\/wp\/v2\/pages\/102\/revisions"}],"predecessor-version":[{"id":305,"href":"https:\/\/www.boamanha.polimi.it\/index.php?rest_route=\/wp\/v2\/pages\/102\/revisions\/305"}],"wp:attachment":[{"href":"https:\/\/www.boamanha.polimi.it\/index.php?rest_route=%2Fwp%2Fv2%2Fmedia&parent=102"}],"curies":[{"name":"wp","href":"https:\/\/api.w.org\/{rel}","templated":true}]}}